{"id":3212,"date":"2017-06-12T09:09:32","date_gmt":"2017-06-12T09:09:32","guid":{"rendered":"https:\/\/www.experience-celje.si\/partnerji\/"},"modified":"2019-06-19T16:02:03","modified_gmt":"2019-06-19T14:02:03","slug":"partnerji","status":"publish","type":"page","link":"https:\/\/www.experience-celje.si\/en\/partnerji\/","title":{"rendered":"Partnerji"},"content":{"rendered":"<p>[vc_row css=&#8221;.vc_custom_1497258744755{padding-top: 81px !important;padding-bottom: 70px !important;background-color: #ffffff !important;}&#8221;][vc_column][vc_row_inner row_content_width=&#8221;grid&#8221;][vc_column_inner][vc_custom_heading text=&#8221;Na\u0161i partnerji&#8221; font_container=&#8221;tag:h2|text_align:center|color:%23808080|line_height:56px&#8221; use_theme_fonts=&#8221;yes&#8221;]<div class=\"eltd-team-list-holder eltd-tl-three-columns\">\n\t<div class=\"eltd-tl-inner \" data-number-of-items=\"3\" data-enable-navigation=\"no\" data-enable-pagination=\"no\">\n\t\t<div class=\"eltd-team info-bellow\">\n\t<div class=\"eltd-team-inner\">\n\t\t\t\t\t<div class=\"eltd-team-image\">\n                <a itemprop=\"url\" href=\"https:\/\/www.experience-celje.si\/en\/team-member\/zpo-celje\/\">\n                    <img width=\"800\" height=\"573\" src=\"https:\/\/www.experience-celje.si\/wp-content\/uploads\/2017\/06\/listing-hotels-img-1.jpg\" class=\"attachment-full size-full wp-post-image\" alt=\"\" loading=\"lazy\" srcset=\"https:\/\/www.experience-celje.si\/wp-content\/uploads\/2017\/06\/listing-hotels-img-1.jpg 800w, https:\/\/www.experience-celje.si\/wp-content\/uploads\/2017\/06\/listing-hotels-img-1-300x215.jpg 300w, https:\/\/www.experience-celje.si\/wp-content\/uploads\/2017\/06\/listing-hotels-img-1-768x550.jpg 768w, https:\/\/www.experience-celje.si\/wp-content\/uploads\/2017\/06\/listing-hotels-img-1-600x430.jpg 600w\" sizes=\"(max-width: 800px) 100vw, 800px\" \/>                <\/a>\n\t\t\t<\/div>\n\t\t\t\t<div class=\"eltd-team-info\">\n            <div class=\"eltd-team-title-holder\">\n                <h4 itemprop=\"name\" class=\"eltd-team-name entry-title\">\n                    <a itemprop=\"url\" href=\"https:\/\/www.experience-celje.si\/en\/team-member\/zpo-celje\/\">ZPO CELJE<\/a>\n                <\/h4>\n\n                                    <h6 class=\"eltd-team-position\">ZPO CELJE D.O.O.<\/h6>\n                            <\/div>\n\t\t\t\t\t\t\t<div class=\"eltd-team-text\">\n\t\t\t\t\t<div class=\"eltd-team-text-inner\">\n\t\t\t\t\t\t<div class=\"eltd-team-description\">\n\t\t\t\t\t\t\t<p itemprop=\"description\" class=\"eltd-team-excerpt\">[vc_row][vc_column][vc_column_text]ZPO CELJE D.O.O. De\u010dkova cesta 1, 3000 Celje 00386 (0)3 42 82 650 zpo@celje.si[\/vc_column_text][\/vc_column][\/vc_row]<\/p>\n\t\t\t\t\t\t<\/div>\n\t\t\t\t\t<\/div>\n\t\t\t\t<\/div>\n\t\t\t\t\t\t<div class=\"eltd-team-social-holder-between\">\n\t\t\t\t<div class=\"eltd-team-social\">\n\t\t\t\t\t<div class=\"eltd-team-social-inner\">\n\t\t\t\t\t\t<div class=\"eltd-team-social-wrapp\">\n\t\t\t\t\t\t\t\t\t\t\t\t\t<\/div>\n\t\t\t\t\t<\/div>\n\t\t\t\t<\/div>\n\t\t\t<\/div>\n\t\t<\/div>\n\t<\/div>\n<\/div><div class=\"eltd-team info-bellow\">\n\t<div class=\"eltd-team-inner\">\n\t\t\t\t\t<div class=\"eltd-team-image\">\n                <a itemprop=\"url\" href=\"https:\/\/www.experience-celje.si\/en\/team-member\/museum-of-recent-history-celje\/\">\n                    <img width=\"960\" height=\"640\" src=\"https:\/\/www.experience-celje.si\/wp-content\/uploads\/2019\/02\/Muzej-novej\u0161e-zgodovine-Celje.jpg\" class=\"attachment-full size-full wp-post-image\" alt=\"\" loading=\"lazy\" srcset=\"https:\/\/www.experience-celje.si\/wp-content\/uploads\/2019\/02\/Muzej-novej\u0161e-zgodovine-Celje.jpg 960w, https:\/\/www.experience-celje.si\/wp-content\/uploads\/2019\/02\/Muzej-novej\u0161e-zgodovine-Celje-300x200.jpg 300w, https:\/\/www.experience-celje.si\/wp-content\/uploads\/2019\/02\/Muzej-novej\u0161e-zgodovine-Celje-768x512.jpg 768w\" sizes=\"(max-width: 960px) 100vw, 960px\" \/>                <\/a>\n\t\t\t<\/div>\n\t\t\t\t<div class=\"eltd-team-info\">\n            <div class=\"eltd-team-title-holder\">\n                <h4 itemprop=\"name\" class=\"eltd-team-name entry-title\">\n                    <a itemprop=\"url\" href=\"https:\/\/www.experience-celje.si\/en\/team-member\/museum-of-recent-history-celje\/\">MUSEUM OF RECENT HISTORY CELJE<\/a>\n                <\/h4>\n\n                                    <h6 class=\"eltd-team-position\">Museum of Recent History Celje<\/h6>\n                            <\/div>\n\t\t\t\t\t\t\t<div class=\"eltd-team-text\">\n\t\t\t\t\t<div class=\"eltd-team-text-inner\">\n\t\t\t\t\t\t<div class=\"eltd-team-description\">\n\t\t\t\t\t\t\t<p itemprop=\"description\" class=\"eltd-team-excerpt\">The mission of the Museum of Recent History Celje is to ensure the permanent and uninterrupted performance of the public service of preserving, exploring, presenting, exhibiting and popularising the mobile cultural heritage from the fields of history and ethnology from [&hellip;]<\/p>\n\t\t\t\t\t\t<\/div>\n\t\t\t\t\t<\/div>\n\t\t\t\t<\/div>\n\t\t\t\t\t\t<div class=\"eltd-team-social-holder-between\">\n\t\t\t\t<div class=\"eltd-team-social\">\n\t\t\t\t\t<div class=\"eltd-team-social-inner\">\n\t\t\t\t\t\t<div class=\"eltd-team-social-wrapp\">\n\t\t\t\t\t\t\t\t\t\t\t\t\t<\/div>\n\t\t\t\t\t<\/div>\n\t\t\t\t<\/div>\n\t\t\t<\/div>\n\t\t<\/div>\n\t<\/div>\n<\/div><div class=\"eltd-team info-bellow\">\n\t<div class=\"eltd-team-inner\">\n\t\t\t\t\t<div class=\"eltd-team-image\">\n                <a itemprop=\"url\" href=\"https:\/\/www.experience-celje.si\/en\/team-member\/regional-museum-celje\/\">\n                    <img width=\"960\" height=\"640\" src=\"https:\/\/www.experience-celje.si\/wp-content\/uploads\/2019\/02\/Pokrajinski-muzej-Celje.jpg\" class=\"attachment-full size-full wp-post-image\" alt=\"\" loading=\"lazy\" srcset=\"https:\/\/www.experience-celje.si\/wp-content\/uploads\/2019\/02\/Pokrajinski-muzej-Celje.jpg 960w, https:\/\/www.experience-celje.si\/wp-content\/uploads\/2019\/02\/Pokrajinski-muzej-Celje-300x200.jpg 300w, https:\/\/www.experience-celje.si\/wp-content\/uploads\/2019\/02\/Pokrajinski-muzej-Celje-768x512.jpg 768w\" sizes=\"(max-width: 960px) 100vw, 960px\" \/>                <\/a>\n\t\t\t<\/div>\n\t\t\t\t<div class=\"eltd-team-info\">\n            <div class=\"eltd-team-title-holder\">\n                <h4 itemprop=\"name\" class=\"eltd-team-name entry-title\">\n                    <a itemprop=\"url\" href=\"https:\/\/www.experience-celje.si\/en\/team-member\/regional-museum-celje\/\">REGIONAL MUSEUM CELJE<\/a>\n                <\/h4>\n\n                                    <h6 class=\"eltd-team-position\">Regional Museum Celje<\/h6>\n                            <\/div>\n\t\t\t\t\t\t\t<div class=\"eltd-team-text\">\n\t\t\t\t\t<div class=\"eltd-team-text-inner\">\n\t\t\t\t\t\t<div class=\"eltd-team-description\">\n\t\t\t\t\t\t\t<p itemprop=\"description\" class=\"eltd-team-excerpt\">The Celje Regional Museum, the second oldest museum in Slovenia, is situated in the old centre of the town. Its collections (from prehistoric times untill World War I) are exhibited in the Old Counts`Mansion and the Princely Palace. The visitors [&hellip;]<\/p>\n\t\t\t\t\t\t<\/div>\n\t\t\t\t\t<\/div>\n\t\t\t\t<\/div>\n\t\t\t\t\t\t<div class=\"eltd-team-social-holder-between\">\n\t\t\t\t<div class=\"eltd-team-social\">\n\t\t\t\t\t<div class=\"eltd-team-social-inner\">\n\t\t\t\t\t\t<div class=\"eltd-team-social-wrapp\">\n\t\t\t\t\t\t\t\t\t\t\t\t\t<\/div>\n\t\t\t\t\t<\/div>\n\t\t\t\t<\/div>\n\t\t\t<\/div>\n\t\t<\/div>\n\t<\/div>\n<\/div><div class=\"eltd-team info-bellow\">\n\t<div class=\"eltd-team-inner\">\n\t\t\t\t\t<div class=\"eltd-team-image\">\n                <a itemprop=\"url\" href=\"https:\/\/www.experience-celje.si\/en\/team-member\/the-historical-archives-celje\/\">\n                    <img width=\"1024\" height=\"668\" src=\"https:\/\/www.experience-celje.si\/wp-content\/uploads\/2019\/02\/Untitled_Panorama1777ok.jpg\" class=\"attachment-full size-full wp-post-image\" alt=\"\" loading=\"lazy\" srcset=\"https:\/\/www.experience-celje.si\/wp-content\/uploads\/2019\/02\/Untitled_Panorama1777ok.jpg 1024w, https:\/\/www.experience-celje.si\/wp-content\/uploads\/2019\/02\/Untitled_Panorama1777ok-300x196.jpg 300w, https:\/\/www.experience-celje.si\/wp-content\/uploads\/2019\/02\/Untitled_Panorama1777ok-768x501.jpg 768w\" sizes=\"(max-width: 1024px) 100vw, 1024px\" \/>                <\/a>\n\t\t\t<\/div>\n\t\t\t\t<div class=\"eltd-team-info\">\n            <div class=\"eltd-team-title-holder\">\n                <h4 itemprop=\"name\" class=\"eltd-team-name entry-title\">\n                    <a itemprop=\"url\" href=\"https:\/\/www.experience-celje.si\/en\/team-member\/the-historical-archives-celje\/\">THE HISTORICAL ARCHIVES CELJE<\/a>\n                <\/h4>\n\n                                    <h6 class=\"eltd-team-position\">Zgodovinski arhiv Celje<\/h6>\n                            <\/div>\n\t\t\t\t\t\t\t<div class=\"eltd-team-text\">\n\t\t\t\t\t<div class=\"eltd-team-text-inner\">\n\t\t\t\t\t\t<div class=\"eltd-team-description\">\n\t\t\t\t\t\t\t<p itemprop=\"description\" class=\"eltd-team-excerpt\">The historical archives in Celje has been established in 1956. Today it functions as a public institution and performs the public archives in the following administrative units: Bre\u017eice, Celje, Hrastnik, Kr\u0161ko, La\u0161ko, Mozirje, Sevnica, Slovenske Konjice, \u0160entjur, \u0160marje pri Jel\u0161ah, [&hellip;]<\/p>\n\t\t\t\t\t\t<\/div>\n\t\t\t\t\t<\/div>\n\t\t\t\t<\/div>\n\t\t\t\t\t\t<div class=\"eltd-team-social-holder-between\">\n\t\t\t\t<div class=\"eltd-team-social\">\n\t\t\t\t\t<div class=\"eltd-team-social-inner\">\n\t\t\t\t\t\t<div class=\"eltd-team-social-wrapp\">\n\t\t\t\t\t\t\t\t\t\t\t\t\t<\/div>\n\t\t\t\t\t<\/div>\n\t\t\t\t<\/div>\n\t\t\t<\/div>\n\t\t<\/div>\n\t<\/div>\n<\/div><div class=\"eltd-team info-bellow\">\n\t<div class=\"eltd-team-inner\">\n\t\t\t\t\t<div class=\"eltd-team-image\">\n                <a itemprop=\"url\" href=\"https:\/\/www.experience-celje.si\/en\/team-member\/drustvo-za-rekreacijo-in-zdravje-mandala\/\">\n                    <img width=\"960\" height=\"640\" src=\"https:\/\/www.experience-celje.si\/wp-content\/uploads\/2019\/02\/Dru\u0161tvo-za-rekreacijo-in-zdravje-Mandala.jpg\" class=\"attachment-full size-full wp-post-image\" alt=\"\" loading=\"lazy\" srcset=\"https:\/\/www.experience-celje.si\/wp-content\/uploads\/2019\/02\/Dru\u0161tvo-za-rekreacijo-in-zdravje-Mandala.jpg 960w, https:\/\/www.experience-celje.si\/wp-content\/uploads\/2019\/02\/Dru\u0161tvo-za-rekreacijo-in-zdravje-Mandala-300x200.jpg 300w, https:\/\/www.experience-celje.si\/wp-content\/uploads\/2019\/02\/Dru\u0161tvo-za-rekreacijo-in-zdravje-Mandala-768x512.jpg 768w\" sizes=\"(max-width: 960px) 100vw, 960px\" \/>                <\/a>\n\t\t\t<\/div>\n\t\t\t\t<div class=\"eltd-team-info\">\n            <div class=\"eltd-team-title-holder\">\n                <h4 itemprop=\"name\" class=\"eltd-team-name entry-title\">\n                    <a itemprop=\"url\" href=\"https:\/\/www.experience-celje.si\/en\/team-member\/drustvo-za-rekreacijo-in-zdravje-mandala\/\">DRU\u0160TVO ZA REKREACIJO IN ZDRAVJE MANDALA<\/a>\n                <\/h4>\n\n                                    <h6 class=\"eltd-team-position\">DRU\u0160TVO ZA REKREACIJO IN ZDRAVJE MANDALA<\/h6>\n                            <\/div>\n\t\t\t\t\t\t<div class=\"eltd-team-social-holder-between\">\n\t\t\t\t<div class=\"eltd-team-social\">\n\t\t\t\t\t<div class=\"eltd-team-social-inner\">\n\t\t\t\t\t\t<div class=\"eltd-team-social-wrapp\">\n\t\t\t\t\t\t\t\t\t\t\t\t\t<\/div>\n\t\t\t\t\t<\/div>\n\t\t\t\t<\/div>\n\t\t\t<\/div>\n\t\t<\/div>\n\t<\/div>\n<\/div><div class=\"eltd-team info-bellow\">\n\t<div class=\"eltd-team-inner\">\n\t\t\t\t\t<div class=\"eltd-team-image\">\n                <a itemprop=\"url\" href=\"https:\/\/www.experience-celje.si\/en\/team-member\/zavod-za-kulturne-prireditve-in-turizem-celeia-celje\/\">\n                    <img width=\"3917\" height=\"5875\" src=\"https:\/\/www.experience-celje.si\/wp-content\/uploads\/2019\/02\/4..jpg\" class=\"attachment-full size-full wp-post-image\" alt=\"\" loading=\"lazy\" srcset=\"https:\/\/www.experience-celje.si\/wp-content\/uploads\/2019\/02\/4..jpg 3917w, https:\/\/www.experience-celje.si\/wp-content\/uploads\/2019\/02\/4.-200x300.jpg 200w, https:\/\/www.experience-celje.si\/wp-content\/uploads\/2019\/02\/4.-768x1152.jpg 768w, https:\/\/www.experience-celje.si\/wp-content\/uploads\/2019\/02\/4.-683x1024.jpg 683w\" sizes=\"(max-width: 3917px) 100vw, 3917px\" \/>                <\/a>\n\t\t\t<\/div>\n\t\t\t\t<div class=\"eltd-team-info\">\n            <div class=\"eltd-team-title-holder\">\n                <h4 itemprop=\"name\" class=\"eltd-team-name entry-title\">\n                    <a itemprop=\"url\" href=\"https:\/\/www.experience-celje.si\/en\/team-member\/zavod-za-kulturne-prireditve-in-turizem-celeia-celje\/\">ZAVOD ZA KULTURNE PRIREDITVE IN TURIZEM CELEIA CELJE<\/a>\n                <\/h4>\n\n                                    <h6 class=\"eltd-team-position\">ZAVOD ZA KULTURNE PRIREDITVE IN TURIZEM CELEIA CELJE<\/h6>\n                            <\/div>\n\t\t\t\t\t\t<div class=\"eltd-team-social-holder-between\">\n\t\t\t\t<div class=\"eltd-team-social\">\n\t\t\t\t\t<div class=\"eltd-team-social-inner\">\n\t\t\t\t\t\t<div class=\"eltd-team-social-wrapp\">\n\t\t\t\t\t\t\t\t\t\t\t\t\t<\/div>\n\t\t\t\t\t<\/div>\n\t\t\t\t<\/div>\n\t\t\t<\/div>\n\t\t<\/div>\n\t<\/div>\n<\/div><div class=\"eltd-team info-bellow\">\n\t<div class=\"eltd-team-inner\">\n\t\t\t\t\t<div class=\"eltd-team-image\">\n                <a itemprop=\"url\" href=\"https:\/\/www.experience-celje.si\/en\/team-member\/celje-youth-center\/\">\n                    <img width=\"960\" height=\"640\" src=\"https:\/\/www.experience-celje.si\/wp-content\/uploads\/2019\/02\/Celjski-mladinski-center.jpg\" class=\"attachment-full size-full wp-post-image\" alt=\"\" loading=\"lazy\" srcset=\"https:\/\/www.experience-celje.si\/wp-content\/uploads\/2019\/02\/Celjski-mladinski-center.jpg 960w, https:\/\/www.experience-celje.si\/wp-content\/uploads\/2019\/02\/Celjski-mladinski-center-300x200.jpg 300w, https:\/\/www.experience-celje.si\/wp-content\/uploads\/2019\/02\/Celjski-mladinski-center-768x512.jpg 768w\" sizes=\"(max-width: 960px) 100vw, 960px\" \/>                <\/a>\n\t\t\t<\/div>\n\t\t\t\t<div class=\"eltd-team-info\">\n            <div class=\"eltd-team-title-holder\">\n                <h4 itemprop=\"name\" class=\"eltd-team-name entry-title\">\n                    <a itemprop=\"url\" href=\"https:\/\/www.experience-celje.si\/en\/team-member\/celje-youth-center\/\">CELJE YOUTH CENTER<\/a>\n                <\/h4>\n\n                                    <h6 class=\"eltd-team-position\">Public institution for youth culture, education, information and sport<\/h6>\n                            <\/div>\n\t\t\t\t\t\t<div class=\"eltd-team-social-holder-between\">\n\t\t\t\t<div class=\"eltd-team-social\">\n\t\t\t\t\t<div class=\"eltd-team-social-inner\">\n\t\t\t\t\t\t<div class=\"eltd-team-social-wrapp\">\n\t\t\t\t\t\t\t\t\t\t\t\t\t<\/div>\n\t\t\t\t\t<\/div>\n\t\t\t\t<\/div>\n\t\t\t<\/div>\n\t\t<\/div>\n\t<\/div>\n<\/div>\t<\/div>\n<\/div>[\/vc_column_inner][\/vc_row_inner][\/vc_column][\/vc_row]<\/p>\n","protected":false},"excerpt":{"rendered":"<p>[vc_row css=&#8221;.vc_custom_1497258744755{padding-top: 81px !important;padding-bottom: 70px !important;background-color: #ffffff !important;}&#8221;][vc_column][vc_row_inner row_content_width=&#8221;grid&#8221;][vc_column_inner][vc_custom_heading text=&#8221;Na\u0161i partnerji&#8221; font_container=&#8221;tag:h2|text_align:center|color:%23808080|line_height:56px&#8221; use_theme_fonts=&#8221;yes&#8221;][\/vc_column_inner][\/vc_row_inner][\/vc_column][\/vc_row]<\/p>\n","protected":false},"author":1,"featured_media":0,"parent":0,"menu_order":0,"comment_status":"closed","ping_status":"closed","template":"full-width.php","meta":{"_bbp_topic_count":0,"_bbp_reply_count":0,"_bbp_total_topic_count":0,"_bbp_total_reply_count":0,"_bbp_voice_count":0,"_bbp_anonymous_reply_count":0,"_bbp_topic_count_hidden":0,"_bbp_reply_count_hidden":0,"_bbp_forum_subforum_count":0},"yoast_head":"<!-- This site is optimized with the Yoast SEO plugin v19.4 - https:\/\/yoast.com\/wordpress\/plugins\/seo\/ -->\n<title>Partnerji - Experience Celje<\/title>\n<meta name=\"robots\" content=\"index, follow, max-snippet:-1, max-image-preview:large, max-video-preview:-1\" \/>\n<link rel=\"canonical\" href=\"https:\/\/www.experience-celje.si\/en\/partnerji\/\" \/>\n<meta property=\"og:locale\" content=\"en_US\" \/>\n<meta property=\"og:type\" content=\"article\" \/>\n<meta property=\"og:title\" content=\"Partnerji - Experience Celje\" \/>\n<meta property=\"og:description\" content=\"[vc_row css=&#8221;.vc_custom_1497258744755{padding-top: 81px !important;padding-bottom: 70px !important;background-color: #ffffff !important;}&#8221;][vc_column][vc_row_inner row_content_width=&#8221;grid&#8221;][vc_column_inner][vc_custom_heading text=&#8221;Na\u0161i partnerji&#8221; font_container=&#8221;tag:h2|text_align:center|color:%23808080|line_height:56px&#8221; use_theme_fonts=&#8221;yes&#8221;][\/vc_column_inner][\/vc_row_inner][\/vc_column][\/vc_row]\" \/>\n<meta property=\"og:url\" content=\"https:\/\/www.experience-celje.si\/en\/partnerji\/\" \/>\n<meta property=\"og:site_name\" content=\"Experience Celje\" \/>\n<meta property=\"article:modified_time\" content=\"2019-06-19T14:02:03+00:00\" \/>\n<meta name=\"twitter:card\" content=\"summary_large_image\" \/>\n<script type=\"application\/ld+json\" class=\"yoast-schema-graph\">{\"@context\":\"https:\/\/schema.org\",\"@graph\":[{\"@type\":\"WebSite\",\"@id\":\"https:\/\/www.experience-celje.si\/en\/#website\",\"url\":\"https:\/\/www.experience-celje.si\/en\/\",\"name\":\"Experience Celje\",\"description\":\"Do\u017eivi Celje\",\"potentialAction\":[{\"@type\":\"SearchAction\",\"target\":{\"@type\":\"EntryPoint\",\"urlTemplate\":\"https:\/\/www.experience-celje.si\/en\/?s={search_term_string}\"},\"query-input\":\"required name=search_term_string\"}],\"inLanguage\":\"en-US\"},{\"@type\":\"WebPage\",\"@id\":\"https:\/\/www.experience-celje.si\/en\/partnerji\/\",\"url\":\"https:\/\/www.experience-celje.si\/en\/partnerji\/\",\"name\":\"Partnerji - Experience Celje\",\"isPartOf\":{\"@id\":\"https:\/\/www.experience-celje.si\/en\/#website\"},\"datePublished\":\"2017-06-12T09:09:32+00:00\",\"dateModified\":\"2019-06-19T14:02:03+00:00\",\"breadcrumb\":{\"@id\":\"https:\/\/www.experience-celje.si\/en\/partnerji\/#breadcrumb\"},\"inLanguage\":\"en-US\",\"potentialAction\":[{\"@type\":\"ReadAction\",\"target\":[\"https:\/\/www.experience-celje.si\/en\/partnerji\/\"]}]},{\"@type\":\"BreadcrumbList\",\"@id\":\"https:\/\/www.experience-celje.si\/en\/partnerji\/#breadcrumb\",\"itemListElement\":[{\"@type\":\"ListItem\",\"position\":1,\"name\":\"Home\",\"item\":\"https:\/\/www.experience-celje.si\/en\/\"},{\"@type\":\"ListItem\",\"position\":2,\"name\":\"Partnerji\"}]}]}<\/script>\n<!-- \/ Yoast SEO plugin. -->","yoast_head_json":{"title":"Partnerji - Experience Celje","robots":{"index":"index","follow":"follow","max-snippet":"max-snippet:-1","max-image-preview":"max-image-preview:large","max-video-preview":"max-video-preview:-1"},"canonical":"https:\/\/www.experience-celje.si\/en\/partnerji\/","og_locale":"en_US","og_type":"article","og_title":"Partnerji - Experience Celje","og_description":"[vc_row css=&#8221;.vc_custom_1497258744755{padding-top: 81px !important;padding-bottom: 70px !important;background-color: #ffffff !important;}&#8221;][vc_column][vc_row_inner row_content_width=&#8221;grid&#8221;][vc_column_inner][vc_custom_heading text=&#8221;Na\u0161i partnerji&#8221; font_container=&#8221;tag:h2|text_align:center|color:%23808080|line_height:56px&#8221; use_theme_fonts=&#8221;yes&#8221;][\/vc_column_inner][\/vc_row_inner][\/vc_column][\/vc_row]","og_url":"https:\/\/www.experience-celje.si\/en\/partnerji\/","og_site_name":"Experience Celje","article_modified_time":"2019-06-19T14:02:03+00:00","twitter_card":"summary_large_image","schema":{"@context":"https:\/\/schema.org","@graph":[{"@type":"WebSite","@id":"https:\/\/www.experience-celje.si\/en\/#website","url":"https:\/\/www.experience-celje.si\/en\/","name":"Experience Celje","description":"Do\u017eivi Celje","potentialAction":[{"@type":"SearchAction","target":{"@type":"EntryPoint","urlTemplate":"https:\/\/www.experience-celje.si\/en\/?s={search_term_string}"},"query-input":"required name=search_term_string"}],"inLanguage":"en-US"},{"@type":"WebPage","@id":"https:\/\/www.experience-celje.si\/en\/partnerji\/","url":"https:\/\/www.experience-celje.si\/en\/partnerji\/","name":"Partnerji - Experience Celje","isPartOf":{"@id":"https:\/\/www.experience-celje.si\/en\/#website"},"datePublished":"2017-06-12T09:09:32+00:00","dateModified":"2019-06-19T14:02:03+00:00","breadcrumb":{"@id":"https:\/\/www.experience-celje.si\/en\/partnerji\/#breadcrumb"},"inLanguage":"en-US","potentialAction":[{"@type":"ReadAction","target":["https:\/\/www.experience-celje.si\/en\/partnerji\/"]}]},{"@type":"BreadcrumbList","@id":"https:\/\/www.experience-celje.si\/en\/partnerji\/#breadcrumb","itemListElement":[{"@type":"ListItem","position":1,"name":"Home","item":"https:\/\/www.experience-celje.si\/en\/"},{"@type":"ListItem","position":2,"name":"Partnerji"}]}]}},"_links":{"self":[{"href":"https:\/\/www.experience-celje.si\/en\/wp-json\/wp\/v2\/pages\/3212"}],"collection":[{"href":"https:\/\/www.experience-celje.si\/en\/wp-json\/wp\/v2\/pages"}],"about":[{"href":"https:\/\/www.experience-celje.si\/en\/wp-json\/wp\/v2\/types\/page"}],"author":[{"embeddable":true,"href":"https:\/\/www.experience-celje.si\/en\/wp-json\/wp\/v2\/users\/1"}],"replies":[{"embeddable":true,"href":"https:\/\/www.experience-celje.si\/en\/wp-json\/wp\/v2\/comments?post=3212"}],"version-history":[{"count":1,"href":"https:\/\/www.experience-celje.si\/en\/wp-json\/wp\/v2\/pages\/3212\/revisions"}],"predecessor-version":[{"id":3213,"href":"https:\/\/www.experience-celje.si\/en\/wp-json\/wp\/v2\/pages\/3212\/revisions\/3213"}],"wp:attachment":[{"href":"https:\/\/www.experience-celje.si\/en\/wp-json\/wp\/v2\/media?parent=3212"}],"curies":[{"name":"wp","href":"https:\/\/api.w.org\/{rel}","templated":true}]}}